{"id":599,"date":"2021-08-17T08:18:38","date_gmt":"2021-08-17T08:18:38","guid":{"rendered":"http:\/\/www.paulinakurnytaciapala.pl\/?page_id=599"},"modified":"2021-08-24T19:26:10","modified_gmt":"2021-08-24T19:26:10","slug":"wydruki-fotografii","status":"publish","type":"page","link":"http:\/\/www.paulinakurnytaciapala.pl\/index.php\/wydruki-fotografii\/","title":{"rendered":"wydruki fotografii"},"content":{"rendered":"\t\t<div data-elementor-type=\"wp-page\" data-elementor-id=\"599\" class=\"elementor elementor-599\" data-elementor-settings=\"[]\">\n\t\t\t\t\t\t\t<div class=\"elementor-section-wrap\">\n\t\t\t\t\t\t\t<section class=\"elementor-section elementor-top-section elementor-element elementor-element-862e7a2 elementor-section-boxed elementor-section-height-default elementor-section-height-default\" data-id=\"862e7a2\" data-element_type=\"section\">\n\t\t\t\t\t\t<div class=\"elementor-container elementor-column-gap-default\">\n\t\t\t\t\t<div class=\"elementor-column elementor-col-100 elementor-top-column elementor-element elementor-element-01b6706\" data-id=\"01b6706\" data-element_type=\"column\">\n\t\t\t<div class=\"elementor-widget-wrap elementor-element-populated\">\n\t\t\t\t\t\t\t\t<div class=\"elementor-element elementor-element-4206657 elementor-widget elementor-widget-image\" data-id=\"4206657\" data-element_type=\"widget\" data-widget_type=\"image.default\">\n\t\t\t\t<div class=\"elementor-widget-container\">\n\t\t\t\t\t\t\t\t\t\t\t\t\t\t\t<img width=\"869\" height=\"367\" src=\"http:\/\/www.paulinakurnytaciapala.pl\/wp-content\/uploads\/2021\/08\/wydruki-1024x432.jpg\" class=\"attachment-large size-large\" alt=\"\" loading=\"lazy\" \/>\t\t\t\t\t\t\t\t\t\t\t\t\t\t\t<\/div>\n\t\t\t\t<\/div>\n\t\t\t\t\t<\/div>\n\t\t<\/div>\n\t\t\t\t\t\t\t<\/div>\n\t\t<\/section>\n\t\t\t\t<section class=\"elementor-section elementor-top-section elementor-element elementor-element-bdad88f elementor-section-boxed elementor-section-height-default elementor-section-height-default\" data-id=\"bdad88f\" data-element_type=\"section\">\n\t\t\t\t\t\t<div class=\"elementor-container elementor-column-gap-default\">\n\t\t\t\t\t<div class=\"elementor-column elementor-col-100 elementor-top-column elementor-element elementor-element-b7d3638\" data-id=\"b7d3638\" data-element_type=\"column\">\n\t\t\t<div class=\"elementor-widget-wrap elementor-element-populated\">\n\t\t\t\t\t\t\t\t<div class=\"elementor-element elementor-element-3f585fc elementor-widget-divider--view-line elementor-widget elementor-widget-divider\" data-id=\"3f585fc\" data-element_type=\"widget\" data-widget_type=\"divider.default\">\n\t\t\t\t<div class=\"elementor-widget-container\">\n\t\t\t\t\t<div class=\"elementor-divider\">\n\t\t\t<span class=\"elementor-divider-separator\">\n\t\t\t\t\t\t<\/span>\n\t\t<\/div>\n\t\t\t\t<\/div>\n\t\t\t\t<\/div>\n\t\t\t\t<div class=\"elementor-element elementor-element-281fa56 elementor-widget elementor-widget-text-editor\" data-id=\"281fa56\" data-element_type=\"widget\" data-widget_type=\"text-editor.default\">\n\t\t\t\t<div class=\"elementor-widget-container\">\n\t\t\t\t\t\t\t<p>Praktycznie ka\u017cda z fotografii w moich galeriach tematycznych znajduj\u0105cych si\u0119 tutaj na stronie lub na moim profilu na platformie <a href=\"https:\/\/www.facebook.com\/paulinakurnytaciapala\" target=\"_blank\" rel=\"noopener\">Facebook<\/a> mo\u017ce zosta\u0107 dla Ciebie wydrukowana jako plakat do oprawienia w dowoln\u0105 ram\u0119. Mo\u017cesz wybra\u0107 rozmiar spo\u015br\u00f3d tych dedykowanych ka\u017cdej fotografii. Wi\u0119kszo\u015b\u0107 wydruk\u00f3w dost\u0119pna jest w formatach: 21\u00d730 cm | 30\u00d740 cm | 40\u00d750 cm | 50\u00d770 cm | 70\u00d7100 cm. Bywa dost\u0119pny tak\u017ce rozmiar 50\u00d750 cm, ale zale\u017cy on od tego co jest na fotografii i jak roz\u0142o\u017c\u0105 si\u0119 proporcje zdj\u0119cia. Je\u015bli potrzebujesz inny rozmiar ni\u017c podane, napisz do mnie postaram si\u0119 pom\u00f3c. Do wyboru masz tak\u017ce opcj\u0119 wpisania zdj\u0119cia w bia\u0142e marginesy imituj\u0105ce ram\u0119 passepartout, co dodaje ju\u017c oprawionemu wydrukowi lekko\u015bci i delikatno\u015bci.<\/p>\n<p>Ka\u017cdy plakat drukowany jest na matowym papierze premium 240g i wysy\u0142any w tekturowej tubie lub kopercie (tylko 21\u00d730 cm) tak aby w nienaruszonym stanie trafi\u0142 do adresata. Czas realizacji zam\u00f3wienia od momentu wyboru fotografii do wysy\u0142ki to oko\u0142o 3-4 dni robocze.<\/p>\n<p>Cennik plakat\u00f3w:<br>21\u00d730 cm \u2013 40 z\u0142 | 30\u00d740 cm \u2013 50 z\u0142 | 40\u00d750 cm \u2013 60 z\u0142 | 50\u00d750 cm \u2013 75 z\u0142 | 50\u00d770 cm \u2013 85 z\u0142 | 70\u00d7100 cm \u2013 110 z\u0142<\/p>\n<p>Cennik dostawy:<br>kurier (tuba) \u2013 17 z\u0142 | Poczta Polska (koperta) \u2013 10 z\u0142 | odbi\u00f3r osobisty Nowy S\u0105cz i okolice \u2013 0 z\u0142<\/p>\n<p>Plakaty sprzedawane s\u0105 bez ram.<\/p>\n<p>Je\u015bli masz w g\u0142owie pomys\u0142 na swoj\u0105 ma\u0142\u0105 galeri\u0119, a nie znalaz\u0142e\u015b tutaj brakuj\u0105cego elementu &#8211; napisz &#8211; by\u0107 mo\u017ce co\u015b odpowiedniego znajd\u0119 w moim portfolio lub wykonam dla Ciebie tak\u0105 fotografi\u0119 (wycena indywidualna).<\/p>\n<p>Aby z\u0142o\u017cy\u0107 zam\u00f3wienie:<br>Napisz do mnie wiadomo\u015b\u0107 na adres kontakt@paulinakurnytaciapala.pl, w kt\u00f3rej podaj: link do fotografii na mojej stronie (opcjonalnie jej nazw\u0119, kt\u00f3ra si\u0119 wy\u015bwietla si\u0119 po najechaniu kursorem na zdj\u0119cie), format, bia\u0142y margines\/bez marginesu oraz dane do wysy\u0142ki gotowego wydruku. Wszelkie dalsze informacje otrzymasz ode mnie w korespondencji mailowej.<\/p>\t\t\t\t\t\t<\/div>\n\t\t\t\t<\/div>\n\t\t\t\t\t<\/div>\n\t\t<\/div>\n\t\t\t\t\t\t\t<\/div>\n\t\t<\/section>\n\t\t\t\t<section class=\"elementor-section elementor-top-section elementor-element elementor-element-90b7bf2 elementor-section-boxed elementor-section-height-default elementor-section-height-default\" data-id=\"90b7bf2\" data-element_type=\"section\">\n\t\t\t\t\t\t<div class=\"elementor-container elementor-column-gap-default\">\n\t\t\t\t\t<div class=\"elementor-column elementor-col-100 elementor-top-column elementor-element elementor-element-16178d9\" data-id=\"16178d9\" data-element_type=\"column\">\n\t\t\t<div class=\"elementor-widget-wrap elementor-element-populated\">\n\t\t\t\t\t\t\t\t<div class=\"elementor-element elementor-element-6f2bc79 elementor-widget elementor-widget-image\" data-id=\"6f2bc79\" data-element_type=\"widget\" data-widget_type=\"image.default\">\n\t\t\t\t<div class=\"elementor-widget-container\">\n\t\t\t\t\t\t\t\t\t\t\t\t\t\t\t<img width=\"869\" height=\"288\" src=\"http:\/\/www.paulinakurnytaciapala.pl\/wp-content\/uploads\/2021\/08\/wydruki_2-1024x339.jpg\" class=\"attachment-large size-large\" alt=\"\" loading=\"lazy\" \/>\t\t\t\t\t\t\t\t\t\t\t\t\t\t\t<\/div>\n\t\t\t\t<\/div>\n\t\t\t\t\t<\/div>\n\t\t<\/div>\n\t\t\t\t\t\t\t<\/div>\n\t\t<\/section>\n\t\t\t\t\t\t<\/div>\n\t\t\t\t\t<\/div>\n\t\t","protected":false},"excerpt":{"rendered":"<p>Praktycznie ka\u017cda z fotografii w moich galeriach tematycznych znajduj\u0105cych si\u0119 tutaj na stronie lub na moim profilu na platformie Facebook mo\u017ce zosta\u0107 dla Ciebie wydrukowana jako plakat do oprawienia w dowoln\u0105 ram\u0119. Mo\u017cesz wybra\u0107 rozmiar spo\u015br\u00f3d tych dedykowanych ka\u017cdej fotografii. Wi\u0119kszo\u015b\u0107 wydruk\u00f3w dost\u0119pna jest w formatach: 21\u00d730 cm | 30\u00d740 cm | 40\u00d750 cm |&hellip;<\/p>\n","protected":false},"author":1,"featured_media":0,"parent":0,"menu_order":0,"comment_status":"closed","ping_status":"closed","template":"","meta":[],"_links":{"self":[{"href":"http:\/\/www.paulinakurnytaciapala.pl\/index.php\/wp-json\/wp\/v2\/pages\/599"}],"collection":[{"href":"http:\/\/www.paulinakurnytaciapala.pl\/index.php\/wp-json\/wp\/v2\/pages"}],"about":[{"href":"http:\/\/www.paulinakurnytaciapala.pl\/index.php\/wp-json\/wp\/v2\/types\/page"}],"author":[{"embeddable":true,"href":"http:\/\/www.paulinakurnytaciapala.pl\/index.php\/wp-json\/wp\/v2\/users\/1"}],"replies":[{"embeddable":true,"href":"http:\/\/www.paulinakurnytaciapala.pl\/index.php\/wp-json\/wp\/v2\/comments?post=599"}],"version-history":[{"count":28,"href":"http:\/\/www.paulinakurnytaciapala.pl\/index.php\/wp-json\/wp\/v2\/pages\/599\/revisions"}],"predecessor-version":[{"id":1029,"href":"http:\/\/www.paulinakurnytaciapala.pl\/index.php\/wp-json\/wp\/v2\/pages\/599\/revisions\/1029"}],"wp:attachment":[{"href":"http:\/\/www.paulinakurnytaciapala.pl\/index.php\/wp-json\/wp\/v2\/media?parent=599"}],"curies":[{"name":"wp","href":"https:\/\/api.w.org\/{rel}","templated":true}]}}