{"id":616,"date":"2021-08-17T08:58:15","date_gmt":"2021-08-17T08:58:15","guid":{"rendered":"http:\/\/www.paulinakurnytaciapala.pl\/?page_id=616"},"modified":"2021-08-24T19:25:08","modified_gmt":"2021-08-24T19:25:08","slug":"kontakt","status":"publish","type":"page","link":"http:\/\/www.paulinakurnytaciapala.pl\/index.php\/kontakt\/","title":{"rendered":"kontakt"},"content":{"rendered":"\t\t<div data-elementor-type=\"wp-page\" data-elementor-id=\"616\" class=\"elementor elementor-616\" data-elementor-settings=\"[]\">\n\t\t\t\t\t\t\t<div class=\"elementor-section-wrap\">\n\t\t\t\t\t\t\t<section class=\"elementor-section elementor-top-section elementor-element elementor-element-c650ddf elementor-section-boxed elementor-section-height-default elementor-section-height-default\" data-id=\"c650ddf\" data-element_type=\"section\">\n\t\t\t\t\t\t<div class=\"elementor-container elementor-column-gap-default\">\n\t\t\t\t\t<div class=\"elementor-column elementor-col-50 elementor-top-column elementor-element elementor-element-43d456b\" data-id=\"43d456b\" data-element_type=\"column\">\n\t\t\t<div class=\"elementor-widget-wrap elementor-element-populated\">\n\t\t\t\t\t\t\t\t<div class=\"elementor-element elementor-element-e96c516 elementor-widget elementor-widget-text-editor\" data-id=\"e96c516\" data-element_type=\"widget\" data-widget_type=\"text-editor.default\">\n\t\t\t\t<div class=\"elementor-widget-container\">\n\t\t\t\t\t\t\t<div class=\"entry-content\"><p>+48 668 361 484\u00a0 | kontakt@paulinakurnytaciapala.pl<\/p><p>Nowy S\u0105cz | Krak\u00f3w | ma\u0142opolska<\/p><\/div>\t\t\t\t\t\t<\/div>\n\t\t\t\t<\/div>\n\t\t\t\t\t<\/div>\n\t\t<\/div>\n\t\t\t\t<div class=\"elementor-column elementor-col-50 elementor-top-column elementor-element elementor-element-87125d6\" data-id=\"87125d6\" data-element_type=\"column\">\n\t\t\t<div class=\"elementor-widget-wrap\">\n\t\t\t\t\t\t\t\t\t<\/div>\n\t\t<\/div>\n\t\t\t\t\t\t\t<\/div>\n\t\t<\/section>\n\t\t\t\t\t\t<\/div>\n\t\t\t\t\t<\/div>\n\t\t","protected":false},"excerpt":{"rendered":"<p>+48 668 361 484\u00a0 | kontakt@paulinakurnytaciapala.pl Nowy S\u0105cz | Krak\u00f3w | ma\u0142opolska<\/p>\n","protected":false},"author":1,"featured_media":0,"parent":0,"menu_order":0,"comment_status":"closed","ping_status":"closed","template":"","meta":[],"_links":{"self":[{"href":"http:\/\/www.paulinakurnytaciapala.pl\/index.php\/wp-json\/wp\/v2\/pages\/616"}],"collection":[{"href":"http:\/\/www.paulinakurnytaciapala.pl\/index.php\/wp-json\/wp\/v2\/pages"}],"about":[{"href":"http:\/\/www.paulinakurnytaciapala.pl\/index.php\/wp-json\/wp\/v2\/types\/page"}],"author":[{"embeddable":true,"href":"http:\/\/www.paulinakurnytaciapala.pl\/index.php\/wp-json\/wp\/v2\/users\/1"}],"replies":[{"embeddable":true,"href":"http:\/\/www.paulinakurnytaciapala.pl\/index.php\/wp-json\/wp\/v2\/comments?post=616"}],"version-history":[{"count":8,"href":"http:\/\/www.paulinakurnytaciapala.pl\/index.php\/wp-json\/wp\/v2\/pages\/616\/revisions"}],"predecessor-version":[{"id":1026,"href":"http:\/\/www.paulinakurnytaciapala.pl\/index.php\/wp-json\/wp\/v2\/pages\/616\/revisions\/1026"}],"wp:attachment":[{"href":"http:\/\/www.paulinakurnytaciapala.pl\/index.php\/wp-json\/wp\/v2\/media?parent=616"}],"curies":[{"name":"wp","href":"https:\/\/api.w.org\/{rel}","templated":true}]}}