{"id":624,"date":"2021-08-17T09:02:13","date_gmt":"2021-08-17T09:02:13","guid":{"rendered":"http:\/\/www.paulinakurnytaciapala.pl\/?page_id=624"},"modified":"2021-08-17T21:18:31","modified_gmt":"2021-08-17T21:18:31","slug":"o-mnie-2","status":"publish","type":"page","link":"http:\/\/www.paulinakurnytaciapala.pl\/index.php\/o-mnie-2\/","title":{"rendered":"o mnie"},"content":{"rendered":"\t\t<div data-elementor-type=\"wp-page\" data-elementor-id=\"624\" class=\"elementor elementor-624\" data-elementor-settings=\"[]\">\n\t\t\t\t\t\t\t<div class=\"elementor-section-wrap\">\n\t\t\t\t\t\t\t<section class=\"elementor-section elementor-top-section elementor-element elementor-element-729cb9c elementor-section-boxed elementor-section-height-default elementor-section-height-default\" data-id=\"729cb9c\" data-element_type=\"section\">\n\t\t\t\t\t\t<div class=\"elementor-container elementor-column-gap-default\">\n\t\t\t\t\t<div class=\"elementor-column elementor-col-100 elementor-top-column elementor-element elementor-element-823ed7f\" data-id=\"823ed7f\" data-element_type=\"column\">\n\t\t\t<div class=\"elementor-widget-wrap elementor-element-populated\">\n\t\t\t\t\t\t\t\t<div class=\"elementor-element elementor-element-27a3a72 elementor-widget-divider--view-line elementor-widget elementor-widget-divider\" data-id=\"27a3a72\" data-element_type=\"widget\" data-widget_type=\"divider.default\">\n\t\t\t\t<div class=\"elementor-widget-container\">\n\t\t\t\t\t<div class=\"elementor-divider\">\n\t\t\t<span class=\"elementor-divider-separator\">\n\t\t\t\t\t\t<\/span>\n\t\t<\/div>\n\t\t\t\t<\/div>\n\t\t\t\t<\/div>\n\t\t\t\t\t<\/div>\n\t\t<\/div>\n\t\t\t\t\t\t\t<\/div>\n\t\t<\/section>\n\t\t\t\t<section class=\"elementor-section elementor-top-section elementor-element elementor-element-f291cbb elementor-section-boxed elementor-section-height-default elementor-section-height-default\" data-id=\"f291cbb\" data-element_type=\"section\">\n\t\t\t\t\t\t<div class=\"elementor-container elementor-column-gap-default\">\n\t\t\t\t\t<div class=\"elementor-column elementor-col-33 elementor-top-column elementor-element elementor-element-8e4b6ae\" data-id=\"8e4b6ae\" data-element_type=\"column\">\n\t\t\t<div class=\"elementor-widget-wrap elementor-element-populated\">\n\t\t\t\t\t\t\t\t<div class=\"elementor-element elementor-element-b9743e7 elementor-widget elementor-widget-text-editor\" data-id=\"b9743e7\" data-element_type=\"widget\" data-widget_type=\"text-editor.default\">\n\t\t\t\t<div class=\"elementor-widget-container\">\n\t\t\t\t\t\t\t<div class=\"\" dir=\"auto\"><div id=\"jsc_c_ct\" class=\"ecm0bbzt hv4rvrfc ihqw7lf3 dati1w0a\" data-ad-comet-preview=\"message\" data-ad-preview=\"message\"><div class=\"j83agx80 cbu4d94t ew0dbk1b irj2b8pg\"><div class=\"qzhwtbm6 knvmm38d\"><div class=\"kvgmc6g5 cxmmr5t8 oygrvhab hcukyx3x c1et5uql ii04i59q\"><div dir=\"auto\">Fotografuj\u0119. Zatrzymuj\u0119 na zawsze to co pi\u0119kne, Wasze i niepowtarzalne. Wspieram fotograficznie biznesy, wydawnictwa, domowe i firmowe galerie i tworz\u0119 wspomnienia naturalnie i prosto.<\/div><\/div><\/div><\/div><\/div><\/div>\t\t\t\t\t\t<\/div>\n\t\t\t\t<\/div>\n\t\t\t\t<div class=\"elementor-element elementor-element-78df700 elementor-widget elementor-widget-text-editor\" data-id=\"78df700\" data-element_type=\"widget\" data-widget_type=\"text-editor.default\">\n\t\t\t\t<div class=\"elementor-widget-container\">\n\t\t\t\t\t\t\t<div dir=\"auto\">Obserwacji, czucia i doceniania \u017cycia nauczy\u0142am si\u0119 b\u0119d\u0105c mam\u0105 trzech c\u00f3rek &#8211; Lili, Mai i Julii, mieszkaj\u0105c na wsi gdzie mog\u0119 chodzi\u0107 boso po trawie, patrze\u0107 jak rosn\u0105 zio\u0142a i sp\u0119dza\u0107 samotne mgliste poranki na zdj\u0119ciach oraz spotykaj\u0105c ludzi, kt\u00f3rzy przed moim obiektywem czuj\u0105, \u017cyj\u0105, kochaj\u0105. <\/div>\t\t\t\t\t\t<\/div>\n\t\t\t\t<\/div>\n\t\t\t\t<div class=\"elementor-element elementor-element-6d10f37 elementor-widget elementor-widget-text-editor\" data-id=\"6d10f37\" data-element_type=\"widget\" data-widget_type=\"text-editor.default\">\n\t\t\t\t<div class=\"elementor-widget-container\">\n\t\t\t\t\t\t\t<p>Po wielu d\u0142ugich latach uzna\u0142am swoj\u0105 wra\u017cliwo\u015b\u0107 i uwa\u017cno\u015b\u0107 i spe\u0142niam si\u0119 patrz\u0105c na ludzi, natur\u0119, emocje i chwile holistycznie, bo wszystko si\u0119 przenika tworz\u0105c sp\u00f3jn\u0105 ca\u0142o\u015b\u0107.<\/p>\t\t\t\t\t\t<\/div>\n\t\t\t\t<\/div>\n\t\t\t\t<div class=\"elementor-element elementor-element-ef69039 elementor-widget elementor-widget-image\" data-id=\"ef69039\" data-element_type=\"widget\" data-widget_type=\"image.default\">\n\t\t\t\t<div class=\"elementor-widget-container\">\n\t\t\t\t\t\t\t\t\t\t\t\t<figure class=\"wp-caption\">\n\t\t\t\t\t\t\t\t\t\t<img width=\"751\" height=\"165\" src=\"http:\/\/www.paulinakurnytaciapala.pl\/wp-content\/uploads\/2021\/08\/podpis.jpg\" class=\"attachment-full size-full\" alt=\"\" loading=\"lazy\" \/>\t\t\t\t\t\t\t\t\t\t\t<figcaption class=\"widget-image-caption wp-caption-text\"><\/figcaption>\n\t\t\t\t\t\t\t\t\t\t<\/figure>\n\t\t\t\t\t\t\t\t\t<\/div>\n\t\t\t\t<\/div>\n\t\t\t\t\t<\/div>\n\t\t<\/div>\n\t\t\t\t<div class=\"elementor-column elementor-col-33 elementor-top-column elementor-element elementor-element-e22ed41\" data-id=\"e22ed41\" data-element_type=\"column\">\n\t\t\t<div class=\"elementor-widget-wrap elementor-element-populated\">\n\t\t\t\t\t\t\t\t<div class=\"elementor-element elementor-element-48e3328 elementor-widget elementor-widget-image\" data-id=\"48e3328\" data-element_type=\"widget\" data-widget_type=\"image.default\">\n\t\t\t\t<div class=\"elementor-widget-container\">\n\t\t\t\t\t\t\t\t\t\t\t\t\t\t\t<img width=\"576\" height=\"1024\" src=\"http:\/\/www.paulinakurnytaciapala.pl\/wp-content\/uploads\/2021\/08\/pk_2-576x1024.jpg\" class=\"attachment-large size-large\" alt=\"\" loading=\"lazy\" \/>\t\t\t\t\t\t\t\t\t\t\t\t\t\t\t<\/div>\n\t\t\t\t<\/div>\n\t\t\t\t\t<\/div>\n\t\t<\/div>\n\t\t\t\t<div class=\"elementor-column elementor-col-33 elementor-top-column elementor-element elementor-element-a4d281a\" data-id=\"a4d281a\" data-element_type=\"column\">\n\t\t\t<div class=\"elementor-widget-wrap elementor-element-populated\">\n\t\t\t\t\t\t\t\t<div class=\"elementor-element elementor-element-ab3b41c elementor-widget elementor-widget-image\" data-id=\"ab3b41c\" data-element_type=\"widget\" data-widget_type=\"image.default\">\n\t\t\t\t<div class=\"elementor-widget-container\">\n\t\t\t\t\t\t\t\t\t\t\t\t\t\t\t<img width=\"576\" height=\"1024\" src=\"http:\/\/www.paulinakurnytaciapala.pl\/wp-content\/uploads\/2021\/08\/pk_5-576x1024.jpg\" class=\"attachment-large size-large\" alt=\"\" loading=\"lazy\" \/>\t\t\t\t\t\t\t\t\t\t\t\t\t\t\t<\/div>\n\t\t\t\t<\/div>\n\t\t\t\t<div class=\"elementor-element elementor-element-7c5e8c5 elementor-widget elementor-widget-spacer\" data-id=\"7c5e8c5\" data-element_type=\"widget\" data-widget_type=\"spacer.default\">\n\t\t\t\t<div class=\"elementor-widget-container\">\n\t\t\t\t\t<div class=\"elementor-spacer\">\n\t\t\t<div class=\"elementor-spacer-inner\"><\/div>\n\t\t<\/div>\n\t\t\t\t<\/div>\n\t\t\t\t<\/div>\n\t\t\t\t\t<\/div>\n\t\t<\/div>\n\t\t\t\t\t\t\t<\/div>\n\t\t<\/section>\n\t\t\t\t\t\t<\/div>\n\t\t\t\t\t<\/div>\n\t\t","protected":false},"excerpt":{"rendered":"<p>Fotografuj\u0119. Zatrzymuj\u0119 na zawsze to co pi\u0119kne, Wasze i niepowtarzalne. Wspieram fotograficznie biznesy, wydawnictwa, domowe i firmowe galerie i tworz\u0119 wspomnienia naturalnie i prosto.Obserwacji, czucia i doceniania \u017cycia nauczy\u0142am si\u0119 b\u0119d\u0105c mam\u0105 trzech c\u00f3rek &#8211; Lili, Mai i Julii, mieszkaj\u0105c na wsi gdzie mog\u0119 chodzi\u0107 boso po trawie, patrze\u0107 jak rosn\u0105 zio\u0142a i sp\u0119dza\u0107 samotne&hellip;<\/p>\n","protected":false},"author":1,"featured_media":0,"parent":0,"menu_order":0,"comment_status":"closed","ping_status":"closed","template":"","meta":[],"_links":{"self":[{"href":"http:\/\/www.paulinakurnytaciapala.pl\/index.php\/wp-json\/wp\/v2\/pages\/624"}],"collection":[{"href":"http:\/\/www.paulinakurnytaciapala.pl\/index.php\/wp-json\/wp\/v2\/pages"}],"about":[{"href":"http:\/\/www.paulinakurnytaciapala.pl\/index.php\/wp-json\/wp\/v2\/types\/page"}],"author":[{"embeddable":true,"href":"http:\/\/www.paulinakurnytaciapala.pl\/index.php\/wp-json\/wp\/v2\/users\/1"}],"replies":[{"embeddable":true,"href":"http:\/\/www.paulinakurnytaciapala.pl\/index.php\/wp-json\/wp\/v2\/comments?post=624"}],"version-history":[{"count":34,"href":"http:\/\/www.paulinakurnytaciapala.pl\/index.php\/wp-json\/wp\/v2\/pages\/624\/revisions"}],"predecessor-version":[{"id":844,"href":"http:\/\/www.paulinakurnytaciapala.pl\/index.php\/wp-json\/wp\/v2\/pages\/624\/revisions\/844"}],"wp:attachment":[{"href":"http:\/\/www.paulinakurnytaciapala.pl\/index.php\/wp-json\/wp\/v2\/media?parent=624"}],"curies":[{"name":"wp","href":"https:\/\/api.w.org\/{rel}","templated":true}]}}